{"id":64,"date":"2013-06-30T00:06:02","date_gmt":"2013-06-29T22:06:02","guid":{"rendered":"http:\/\/www.statspol.cz\/en\/?page_id=64"},"modified":"2020-02-14T17:58:05","modified_gmt":"2020-02-14T16:58:05","slug":"editorial-board","status":"publish","type":"page","link":"https:\/\/www.statspol.cz\/en\/information-bulletin\/editorial-board\/","title":{"rendered":"Editorial Board"},"content":{"rendered":"<p><!--:en--><\/p>\n<p><strong>The Information Bulletin of the Czech Statistical Society<\/strong><\/p>\n<p style=\"text-align: justify;\">The Editorial Board is named by the society&#8217;s council<\/p>\n<p>Current members of the Editorial Board:<\/p>\n<p><strong>President:<\/strong><\/p>\n<ul>\n<li><span style=\"font-size: 1em; line-height: 1.5em;\">Gejza Dohnal (Czech Technical University in Prague)<\/span><\/li>\n<\/ul>\n<p style=\"text-align: justify;\"><strong>Members:<\/strong><\/p>\n<ul>\n<li><span style=\"font-size: 1em; line-height: 1.5em;\">Jarom\u00edr Antoch (Charles University in\u00a0Prague)<\/span><\/li>\n<li><span style=\"font-size: 1em; line-height: 1.5em;\">Zden\u011bk Karp\u00ed\u0161ek (Brno University of Technology)<\/span><\/li>\n<li><span style=\"font-size: 1em; line-height: 1.5em;\">Marek Mal\u00fd (National Institute of Public Health, Prague)<\/span><\/li>\n<li><span style=\"font-size: 1em; line-height: 1.5em;\">Ji\u0159\u00ed Mich\u00e1lek (Institute of Information Theory and Automation, Prague)<\/span><\/li>\n<li><span style=\"font-size: 1em; line-height: 1.5em;\">Ji\u0159\u00ed Militk\u00fd (Technical University of Liberec)<\/span><\/li>\n<li><span style=\"font-size: 1em; line-height: 1.5em;\">Josef Tvrd\u00edk (University of Ostrava)<\/span><\/li>\n<li><span style=\"font-size: 1em; line-height: 1.5em;\">Iveta Stankovi\u010dov\u00e1 (Comenius University in Bratislava, Slovakia)<\/span><\/li>\n<li><span style=\"font-size: 1em; line-height: 1.5em;\">Ond\u0159ej Venc\u00e1lek (Palack\u00fd University, Olomouc)<\/span><\/li>\n<\/ul>\n<p><strong>Executive editor:<\/strong><\/p>\n<ul>\n<li><span style=\"font-size: 1em; line-height: 1.5em;\">Ond\u0159ej Venc\u00e1lek (Palack\u00fd University, Olomouc)<\/span><\/li>\n<\/ul>\n<p style=\"text-align: justify;\">The authors can send their papers to the executive editor by e-mail to:\u00a0<em>ondrej.vencalek@upol.cz<\/em>.<\/p>\n<p><strong>Technical editor:<\/strong><\/p>\n<ul>\n<li>Pavel\u00a0St\u0159\u00ed\u017e<\/li>\n<\/ul>\n<p style=\"text-align: justify;\">The Editorial Board runs the peer review, from which results two independent reviews. Authors will be informed about result and, if needed, requested for improving.<\/p>\n<p><!--:--><\/p>\n","protected":false},"excerpt":{"rendered":"<p>The Information Bulletin of the Czech Statistical Society The Editorial Board is named by the society&#8217;s council Current members of the Editorial Board: President: Gejza Dohnal (Czech Technical University in Prague) Members: Jarom\u00edr Antoch (Charles University in\u00a0Prague) Zden\u011bk Karp\u00ed\u0161ek (Brno University of Technology) Marek Mal\u00fd (National Institute of Public Health, Prague) Ji\u0159\u00ed Mich\u00e1lek (Institute of Information Theory and Automation, Prague) Ji\u0159\u00ed Militk\u00fd (Technical University of Liberec) Josef Tvrd\u00edk (University of Ostrava) Iveta Stankovi\u010dov\u00e1 (Comenius University in Bratislava, Slovakia) Ond\u0159ej Venc\u00e1lek (Palack\u00fd University, Olomouc) Executive editor: Ond\u0159ej Venc\u00e1lek (Palack\u00fd University, Olomouc) The authors can send their papers to the executive editor by e-mail to:\u00a0ondrej.vencalek@upol.cz. Technical editor: Pavel\u00a0St\u0159\u00ed\u017e The Editorial Board runs the peer review, from which results two independent reviews. Authors will be informed about result and, if needed, requested for improving.<\/p>\n","protected":false},"author":1,"featured_media":0,"parent":16,"menu_order":0,"comment_status":"closed","ping_status":"open","template":"page-templates\/template-full-width.php","meta":{"footnotes":""},"class_list":["post-64","page","type-page","status-publish","hentry"],"_links":{"self":[{"href":"https:\/\/www.statspol.cz\/en\/wp-json\/wp\/v2\/pages\/64","targetHints":{"allow":["GET"]}}],"collection":[{"href":"https:\/\/www.statspol.cz\/en\/wp-json\/wp\/v2\/pages"}],"about":[{"href":"https:\/\/www.statspol.cz\/en\/wp-json\/wp\/v2\/types\/page"}],"author":[{"embeddable":true,"href":"https:\/\/www.statspol.cz\/en\/wp-json\/wp\/v2\/users\/1"}],"replies":[{"embeddable":true,"href":"https:\/\/www.statspol.cz\/en\/wp-json\/wp\/v2\/comments?post=64"}],"version-history":[{"count":3,"href":"https:\/\/www.statspol.cz\/en\/wp-json\/wp\/v2\/pages\/64\/revisions"}],"predecessor-version":[{"id":3405,"href":"https:\/\/www.statspol.cz\/en\/wp-json\/wp\/v2\/pages\/64\/revisions\/3405"}],"up":[{"embeddable":true,"href":"https:\/\/www.statspol.cz\/en\/wp-json\/wp\/v2\/pages\/16"}],"wp:attachment":[{"href":"https:\/\/www.statspol.cz\/en\/wp-json\/wp\/v2\/media?parent=64"}],"curies":[{"name":"wp","href":"https:\/\/api.w.org\/{rel}","templated":true}]}}