{"id":16,"date":"2013-06-06T10:17:06","date_gmt":"2013-06-06T08:17:06","guid":{"rendered":"http:\/\/www.statspol.cz\/en\/?page_id=16"},"modified":"2020-02-14T17:58:05","modified_gmt":"2020-02-14T16:58:05","slug":"information-bulletin","status":"publish","type":"page","link":"https:\/\/www.statspol.cz\/en\/information-bulletin\/","title":{"rendered":"Information Bulletin"},"content":{"rendered":"\t\t<div data-elementor-type=\"wp-page\" data-elementor-id=\"16\" class=\"elementor elementor-16\" data-elementor-settings=\"[]\">\n\t\t\t\t\t\t<div class=\"elementor-inner\">\n\t\t\t\t\t\t\t<div class=\"elementor-section-wrap\">\n\t\t\t\t\t\t\t<section class=\"elementor-section elementor-top-section elementor-element elementor-element-56b4c1d elementor-section-boxed elementor-section-height-default elementor-section-height-default\" data-id=\"56b4c1d\" data-element_type=\"section\">\n\t\t\t\t\t\t<div class=\"elementor-container elementor-column-gap-default\">\n\t\t\t\t\t\t\t<div class=\"elementor-row\">\n\t\t\t\t\t<div class=\"elementor-column elementor-col-33 elementor-top-column elementor-element elementor-element-4c7613c\" data-id=\"4c7613c\" data-element_type=\"column\">\n\t\t\t<div class=\"elementor-column-wrap elementor-element-populated\">\n\t\t\t\t\t\t\t<div class=\"elementor-widget-wrap\">\n\t\t\t\t\t\t<div class=\"elementor-element elementor-element-17ad0c9 elementor-widget elementor-widget-text-editor\" data-id=\"17ad0c9\" data-element_type=\"widget\" data-widget_type=\"text-editor.default\">\n\t\t\t\t<div class=\"elementor-widget-container\">\n\t\t\t\t\t<div class=\"elementor-text-editor elementor-clearfix\"><p><span lang=\"en\"><span title=\"\">We are publishing<\/span>:<\/span><\/p><\/div>\n\t\t\t\t<\/div>\n\t\t\t\t<\/div>\n\t\t\t\t<div class=\"elementor-element elementor-element-9850a6a elementor-widget elementor-widget-text-editor\" data-id=\"9850a6a\" data-element_type=\"widget\" data-widget_type=\"text-editor.default\">\n\t\t\t\t<div class=\"elementor-widget-container\">\n\t\t\t\t\t<div class=\"elementor-text-editor elementor-clearfix\"><ul><li><span lang=\"en\"><span title=\"\">original scientific articles based on the authors&#8216; own research,<\/span><\/span><\/li><li><span lang=\"en\"><span title=\"\">original overview articles from all areas of statistics (mathematical and applied statistics, data analysis, economic statistics, biostatistics, technical and computational statistics),<\/span><\/span><\/li><li><span lang=\"en\"> <span title=\"\">contributions related to teaching stochastics,<\/span><\/span><\/li><li><span lang=\"en\"><span title=\"\">short reports and news relating to activities of the Czech Statistical Society.<\/span><\/span><\/li><\/ul><\/div>\n\t\t\t\t<\/div>\n\t\t\t\t<\/div>\n\t\t\t\t<div class=\"elementor-element elementor-element-095f9a9 elementor-widget elementor-widget-text-editor\" data-id=\"095f9a9\" data-element_type=\"widget\" data-widget_type=\"text-editor.default\">\n\t\t\t\t<div class=\"elementor-widget-container\">\n\t\t\t\t\t<div class=\"elementor-text-editor elementor-clearfix\"><p><span title=\"\">The newsletter of the Czech Statistical Society (Informational bulletin) has been published regularly four times a year <\/span><span title=\"\"><span title=\"\">since 1990. <\/span>Papers are published in Czech, Slovak or English.<\/span> <span title=\"\">Occasionally an extraordinary Czech or English issue is published.<\/span><\/p><\/div>\n\t\t\t\t<\/div>\n\t\t\t\t<\/div>\n\t\t\t\t\t\t<\/div>\n\t\t\t\t\t<\/div>\n\t\t<\/div>\n\t\t\t\t<div class=\"elementor-column elementor-col-66 elementor-top-column elementor-element elementor-element-abd8ded\" data-id=\"abd8ded\" data-element_type=\"column\">\n\t\t\t<div class=\"elementor-column-wrap elementor-element-populated\">\n\t\t\t\t\t\t\t<div class=\"elementor-widget-wrap\">\n\t\t\t\t\t\t<div class=\"elementor-element elementor-element-a6c24dc elementor-widget elementor-widget-image\" data-id=\"a6c24dc\" data-element_type=\"widget\" data-widget_type=\"image.default\">\n\t\t\t\t<div class=\"elementor-widget-container\">\n\t\t\t\t\t<div class=\"elementor-image\">\n\t\t\t\t\t\t\t\t\t\t<img loading=\"lazy\" decoding=\"async\" width=\"201\" height=\"226\" src=\"https:\/\/www.statspol.cz\/en\/wp-content\/uploads\/2020\/02\/IB_obalka.jpg\" class=\"attachment-large size-large\" alt=\"\" \/>\t\t\t\t\t\t\t\t\t\t\t<\/div>\n\t\t\t\t<\/div>\n\t\t\t\t<\/div>\n\t\t\t\t\t\t<\/div>\n\t\t\t\t\t<\/div>\n\t\t<\/div>\n\t\t\t\t\t\t\t\t<\/div>\n\t\t\t\t\t<\/div>\n\t\t<\/section>\n\t\t\t\t<section class=\"elementor-section elementor-top-section elementor-element elementor-element-2d6fa5a5 elementor-section-boxed elementor-section-height-default elementor-section-height-default\" data-id=\"2d6fa5a5\" data-element_type=\"section\">\n\t\t\t\t\t\t<div class=\"elementor-container elementor-column-gap-default\">\n\t\t\t\t\t\t\t<div class=\"elementor-row\">\n\t\t\t\t\t<div class=\"elementor-column elementor-col-100 elementor-top-column elementor-element elementor-element-478e3d50\" data-id=\"478e3d50\" data-element_type=\"column\">\n\t\t\t<div class=\"elementor-column-wrap elementor-element-populated\">\n\t\t\t\t\t\t\t<div class=\"elementor-widget-wrap\">\n\t\t\t\t\t\t<div class=\"elementor-element elementor-element-647991f2 elementor-widget elementor-widget-text-editor\" data-id=\"647991f2\" data-element_type=\"widget\" data-widget_type=\"text-editor.default\">\n\t\t\t\t<div class=\"elementor-widget-container\">\n\t\t\t\t\t<div class=\"elementor-text-editor elementor-clearfix\"><p style=\"text-align: justify;\">The name of the journal is <em>the Information Bulletin of the Czech Statistical Society<\/em>.<br \/>The publisher of the journal: the Czech Statistical Society<br \/>I\u010c: 00550795<br \/>Address: Na pades\u00e1t\u00e9m 81, 100 82 Praha 10<\/p><p>The journal&#8217;s ISSN is 1210-8022 (Print) and 1804-8617 (Online).<\/p><p style=\"text-align: justify;\">The journal is distributed for free to all the members of the society. It is also supplied to scientific libraries and a number of foreign institutions, mainly in Slovakia. Others can download it from the society&#8217;s website with some delay.<\/p><p><a href=\"http:\/\/www.statspol.cz\/en\/?page_id=64\">Editorial Board<\/a><br \/><a href=\"http:\/\/www.statspol.cz\/en\/?page_id=247\">Publication Ethics<\/a><br \/><a href=\"http:\/\/www.statspol.cz\/informacni-bulletin\/on-line-verze\/\">On-line Version of the Journal<\/a><\/p><\/div>\n\t\t\t\t<\/div>\n\t\t\t\t<\/div>\n\t\t\t\t\t\t<\/div>\n\t\t\t\t\t<\/div>\n\t\t<\/div>\n\t\t\t\t\t\t\t\t<\/div>\n\t\t\t\t\t<\/div>\n\t\t<\/section>\n\t\t\t\t\t\t<\/div>\n\t\t\t\t\t\t<\/div>\n\t\t\t\t\t<\/div>\n\t\t","protected":false},"excerpt":{"rendered":"<p>We are publishing: original scientific articles based on the authors&#8216; own research, original overview articles from all areas of statistics (mathematical and applied statistics, data analysis, economic statistics, biostatistics, technical and computational statistics), contributions related to teaching stochastics, short reports and news relating to activities of the Czech Statistical Society. The newsletter of the Czech Statistical Society (Informational bulletin) has been published regularly four times a year since 1990. Papers are published in Czech, Slovak or English. Occasionally an extraordinary Czech or English issue is published. The name of the journal is the Information Bulletin of the Czech Statistical Society.The publisher of the journal: the Czech Statistical SocietyI\u010c: 00550795Address: Na pades\u00e1t\u00e9m 81, 100 82 Praha 10 The journal&#8217;s ISSN is 1210-8022 (Print) and 1804-8617 (Online). The journal is distributed for free<\/p>\n<p><a class=\"more-link\" href=\"https:\/\/www.statspol.cz\/en\/information-bulletin\/\">Read More<\/a><\/p>\n","protected":false},"author":2,"featured_media":0,"parent":0,"menu_order":0,"comment_status":"closed","ping_status":"open","template":"page-templates\/template-full-width.php","meta":{"footnotes":""},"class_list":["post-16","page","type-page","status-publish","hentry"],"_links":{"self":[{"href":"https:\/\/www.statspol.cz\/en\/wp-json\/wp\/v2\/pages\/16","targetHints":{"allow":["GET"]}}],"collection":[{"href":"https:\/\/www.statspol.cz\/en\/wp-json\/wp\/v2\/pages"}],"about":[{"href":"https:\/\/www.statspol.cz\/en\/wp-json\/wp\/v2\/types\/page"}],"author":[{"embeddable":true,"href":"https:\/\/www.statspol.cz\/en\/wp-json\/wp\/v2\/users\/2"}],"replies":[{"embeddable":true,"href":"https:\/\/www.statspol.cz\/en\/wp-json\/wp\/v2\/comments?post=16"}],"version-history":[{"count":5,"href":"https:\/\/www.statspol.cz\/en\/wp-json\/wp\/v2\/pages\/16\/revisions"}],"predecessor-version":[{"id":3409,"href":"https:\/\/www.statspol.cz\/en\/wp-json\/wp\/v2\/pages\/16\/revisions\/3409"}],"wp:attachment":[{"href":"https:\/\/www.statspol.cz\/en\/wp-json\/wp\/v2\/media?parent=16"}],"curies":[{"name":"wp","href":"https:\/\/api.w.org\/{rel}","templated":true}]}}