{"id":126,"date":"2013-07-22T19:52:02","date_gmt":"2013-07-22T17:52:02","guid":{"rendered":"http:\/\/www.statspol.cz\/en\/?page_id=126"},"modified":"2020-02-14T17:58:05","modified_gmt":"2020-02-14T16:58:05","slug":"contact-2","status":"publish","type":"page","link":"https:\/\/www.statspol.cz\/en\/contact-2\/","title":{"rendered":"Contact"},"content":{"rendered":"<p><strong>The Czech Statistical Society<\/strong><\/p>\n<p><strong style=\"font-size: 1em; line-height: 1.5em;\">Address:<\/strong><span style=\"font-size: 1em; line-height: 1.5em;\"> Na pades\u00e1t\u00e9m 81, 100 82 Praha 10, Czech Republic<\/span><\/p>\n<p>&nbsp;<\/p>\n<p><strong>President of the Society:<\/strong> Ond\u0159ej Venc\u00e1lek<\/p>\n<p><strong>Address:<\/strong><\/p>\n<p>Faculty of Science of the Palacky University in Olomouc<br \/>\n17. listopadu 12<br \/>\n771 46 Olomouc<br \/>\nCzech Republic<\/p>\n<p><strong>E-mail:<\/strong> ondrej.vencalek@upol.cz<\/p>\n","protected":false},"excerpt":{"rendered":"<p>The Czech Statistical Society Address: Na pades\u00e1t\u00e9m 81, 100 82 Praha 10, Czech Republic &nbsp; President of the Society: Ond\u0159ej Venc\u00e1lek Address: Faculty of Science of the Palacky University in Olomouc 17. listopadu 12 771 46 Olomouc Czech Republic E-mail: ondrej.vencalek@upol.cz<\/p>\n","protected":false},"author":2,"featured_media":0,"parent":0,"menu_order":0,"comment_status":"closed","ping_status":"open","template":"","meta":{"footnotes":""},"class_list":["post-126","page","type-page","status-publish","hentry"],"_links":{"self":[{"href":"https:\/\/www.statspol.cz\/en\/wp-json\/wp\/v2\/pages\/126","targetHints":{"allow":["GET"]}}],"collection":[{"href":"https:\/\/www.statspol.cz\/en\/wp-json\/wp\/v2\/pages"}],"about":[{"href":"https:\/\/www.statspol.cz\/en\/wp-json\/wp\/v2\/types\/page"}],"author":[{"embeddable":true,"href":"https:\/\/www.statspol.cz\/en\/wp-json\/wp\/v2\/users\/2"}],"replies":[{"embeddable":true,"href":"https:\/\/www.statspol.cz\/en\/wp-json\/wp\/v2\/comments?post=126"}],"version-history":[{"count":1,"href":"https:\/\/www.statspol.cz\/en\/wp-json\/wp\/v2\/pages\/126\/revisions"}],"predecessor-version":[{"id":3462,"href":"https:\/\/www.statspol.cz\/en\/wp-json\/wp\/v2\/pages\/126\/revisions\/3462"}],"wp:attachment":[{"href":"https:\/\/www.statspol.cz\/en\/wp-json\/wp\/v2\/media?parent=126"}],"curies":[{"name":"wp","href":"https:\/\/api.w.org\/{rel}","templated":true}]}}