{"id":107,"date":"2013-07-14T22:18:13","date_gmt":"2013-07-14T20:18:13","guid":{"rendered":"http:\/\/www.statspol.cz\/en\/?page_id=105"},"modified":"2023-02-28T16:28:44","modified_gmt":"2023-02-28T15:28:44","slug":"statistical-days","status":"publish","type":"page","link":"https:\/\/www.statspol.cz\/en\/conferences\/statistical-days\/","title":{"rendered":"Statistical Days"},"content":{"rendered":"\t\t<div data-elementor-type=\"wp-page\" data-elementor-id=\"107\" class=\"elementor elementor-107\" data-elementor-settings=\"[]\">\n\t\t\t\t\t\t<div class=\"elementor-inner\">\n\t\t\t\t\t\t\t<div class=\"elementor-section-wrap\">\n\t\t\t\t\t\t\t<section class=\"elementor-section elementor-top-section elementor-element elementor-element-21ad5737 elementor-section-boxed elementor-section-height-default elementor-section-height-default\" data-id=\"21ad5737\" data-element_type=\"section\">\n\t\t\t\t\t\t<div class=\"elementor-container elementor-column-gap-default\">\n\t\t\t\t\t\t\t<div class=\"elementor-row\">\n\t\t\t\t\t<div class=\"elementor-column elementor-col-100 elementor-top-column elementor-element elementor-element-3c953523\" data-id=\"3c953523\" data-element_type=\"column\">\n\t\t\t<div class=\"elementor-column-wrap elementor-element-populated\">\n\t\t\t\t\t\t\t<div class=\"elementor-widget-wrap\">\n\t\t\t\t\t\t<div class=\"elementor-element elementor-element-2895855 elementor-widget elementor-widget-heading\" data-id=\"2895855\" data-element_type=\"widget\" data-widget_type=\"heading.default\">\n\t\t\t\t<div class=\"elementor-widget-container\">\n\t\t\t<h2 class=\"elementor-heading-title elementor-size-default\">Recent Statistical Days (in Telc, September 2022)<\/h2>\t\t<\/div>\n\t\t\t\t<\/div>\n\t\t\t\t<div class=\"elementor-element elementor-element-3a84a6b elementor-widget elementor-widget-image-gallery\" data-id=\"3a84a6b\" data-element_type=\"widget\" data-widget_type=\"image-gallery.default\">\n\t\t\t\t<div class=\"elementor-widget-container\">\n\t\t\t\t\t<div class=\"elementor-image-gallery\">\n\t\t\t\n\t\t<style type=\"text\/css\">\n\t\t\t#gallery-1 {\n\t\t\t\tmargin: auto;\n\t\t\t}\n\t\t\t#gallery-1 .gallery-item {\n\t\t\t\tfloat: left;\n\t\t\t\tmargin-top: 10px;\n\t\t\t\ttext-align: center;\n\t\t\t\twidth: 20%;\n\t\t\t}\n\t\t\t#gallery-1 img {\n\t\t\t\tborder: 2px solid #cfcfcf;\n\t\t\t}\n\t\t\t#gallery-1 .gallery-caption {\n\t\t\t\tmargin-left: 0;\n\t\t\t}\n\t\t\t\/* see gallery_shortcode() in wp-includes\/media.php *\/\n\t\t<\/style>\n\t\t<div id='gallery-1' class='gallery galleryid-107 gallery-columns-5 gallery-size-thumbnail'><dl class='gallery-item'>\n\t\t\t<dt class='gallery-icon landscape'>\n\t\t\t\t<a data-elementor-open-lightbox=\"yes\" data-elementor-lightbox-slideshow=\"3a84a6b\" data-elementor-lightbox-title=\"DSCN0265\" href='https:\/\/www.statspol.cz\/en\/wp-content\/uploads\/2023\/02\/DSCN0265.jpg'><img loading=\"lazy\" decoding=\"async\" width=\"150\" height=\"150\" src=\"https:\/\/www.statspol.cz\/en\/wp-content\/uploads\/2023\/02\/DSCN0265-150x150.jpg\" class=\"attachment-thumbnail size-thumbnail\" alt=\"\" aria-describedby=\"gallery-1-3572\" \/><\/a>\n\t\t\t<\/dt>\n\t\t\t\t<dd class='wp-caption-text gallery-caption' id='gallery-1-3572'>\n\t\t\t\tAudience in the auditorium\n\t\t\t\t<\/dd><\/dl><dl class='gallery-item'>\n\t\t\t<dt class='gallery-icon landscape'>\n\t\t\t\t<a data-elementor-open-lightbox=\"yes\" data-elementor-lightbox-slideshow=\"3a84a6b\" data-elementor-lightbox-title=\"DSCN0182\" href='https:\/\/www.statspol.cz\/en\/wp-content\/uploads\/2023\/02\/DSCN0182.jpg'><img loading=\"lazy\" decoding=\"async\" width=\"150\" height=\"150\" src=\"https:\/\/www.statspol.cz\/en\/wp-content\/uploads\/2023\/02\/DSCN0182-150x150.jpg\" class=\"attachment-thumbnail size-thumbnail\" alt=\"\" aria-describedby=\"gallery-1-3568\" \/><\/a>\n\t\t\t<\/dt>\n\t\t\t\t<dd class='wp-caption-text gallery-caption' id='gallery-1-3568'>\n\t\t\t\tIntoduction of Jiri Novak (Czech Statistical Office)\n\t\t\t\t<\/dd><\/dl><dl class='gallery-item'>\n\t\t\t<dt class='gallery-icon landscape'>\n\t\t\t\t<a data-elementor-open-lightbox=\"yes\" data-elementor-lightbox-slideshow=\"3a84a6b\" data-elementor-lightbox-title=\"DSCN0252\" href='https:\/\/www.statspol.cz\/en\/wp-content\/uploads\/2023\/02\/DSCN0252.jpg'><img loading=\"lazy\" decoding=\"async\" width=\"150\" height=\"150\" src=\"https:\/\/www.statspol.cz\/en\/wp-content\/uploads\/2023\/02\/DSCN0252-150x150.jpg\" class=\"attachment-thumbnail size-thumbnail\" alt=\"\" aria-describedby=\"gallery-1-3571\" \/><\/a>\n\t\t\t<\/dt>\n\t\t\t\t<dd class='wp-caption-text gallery-caption' id='gallery-1-3571'>\n\t\t\t\tMatej Benko (VUT Brno)\n\t\t\t\t<\/dd><\/dl><dl class='gallery-item'>\n\t\t\t<dt class='gallery-icon landscape'>\n\t\t\t\t<a data-elementor-open-lightbox=\"yes\" data-elementor-lightbox-slideshow=\"3a84a6b\" data-elementor-lightbox-title=\"DSCN0202\" href='https:\/\/www.statspol.cz\/en\/wp-content\/uploads\/2023\/02\/DSCN0202.jpg'><img loading=\"lazy\" decoding=\"async\" width=\"150\" height=\"150\" src=\"https:\/\/www.statspol.cz\/en\/wp-content\/uploads\/2023\/02\/DSCN0202-150x150.jpg\" class=\"attachment-thumbnail size-thumbnail\" alt=\"\" aria-describedby=\"gallery-1-3569\" \/><\/a>\n\t\t\t<\/dt>\n\t\t\t\t<dd class='wp-caption-text gallery-caption' id='gallery-1-3569'>\n\t\t\t\tKatarina Krausova (SAS)\n\t\t\t\t<\/dd><\/dl><dl class='gallery-item'>\n\t\t\t<dt class='gallery-icon landscape'>\n\t\t\t\t<a data-elementor-open-lightbox=\"yes\" data-elementor-lightbox-slideshow=\"3a84a6b\" data-elementor-lightbox-title=\"DSCN0233\" href='https:\/\/www.statspol.cz\/en\/wp-content\/uploads\/2023\/02\/DSCN0233.jpg'><img loading=\"lazy\" decoding=\"async\" width=\"150\" height=\"150\" src=\"https:\/\/www.statspol.cz\/en\/wp-content\/uploads\/2023\/02\/DSCN0233-150x150.jpg\" class=\"attachment-thumbnail size-thumbnail\" alt=\"\" aria-describedby=\"gallery-1-3570\" \/><\/a>\n\t\t\t<\/dt>\n\t\t\t\t<dd class='wp-caption-text gallery-caption' id='gallery-1-3570'>\n\t\t\t\tParticipants on the trip\n\t\t\t\t<\/dd><\/dl><br style=\"clear: both\" \/>\n\t\t<\/div>\n\t\t<\/div>\n\t\t\t\t<\/div>\n\t\t\t\t<\/div>\n\t\t\t\t<div class=\"elementor-element elementor-element-c4e7efa elementor-widget elementor-widget-heading\" data-id=\"c4e7efa\" data-element_type=\"widget\" data-widget_type=\"heading.default\">\n\t\t\t\t<div class=\"elementor-widget-container\">\n\t\t\t<h2 class=\"elementor-heading-title elementor-size-default\">Brief History of the Statistical Days<\/h2>\t\t<\/div>\n\t\t\t\t<\/div>\n\t\t\t\t<div class=\"elementor-element elementor-element-33adece0 elementor-widget elementor-widget-text-editor\" data-id=\"33adece0\" data-element_type=\"widget\" data-widget_type=\"text-editor.default\">\n\t\t\t\t<div class=\"elementor-widget-container\">\n\t\t\t\t\t<div class=\"elementor-text-editor elementor-clearfix\"><p style=\"text-align: justify;\">The Czech Statistical Society has been organising the Statistical Days since 1995. This conference is dedicated to both theoretical statisticians and experienced professionals, who use statistical methods. The conference is organised in different locations of the Czech Republic, so that statisticians from different regions can present their research results and discuss current statistical problems.<\/p><p style=\"text-align: justify;\">The aim of these meetings is also to ameliorate the statistical education in the Czech Republic. Since the Statistical Days are usually organised by the department of mathematics or statistics of a university that is situated in the region, where the conference is taking place, part of the meetings are dedicated to topics related to teaching of statistics at universities.<\/p><p style=\"text-align: justify;\">The active participants of the Statistical Days prepare their papers and these are then published on the pages of the Information Bulletin, which can be viewed or downloaded <a href=\"http:\/\/www.statspol.cz\/en\/?page_id=66\">here<\/a>.<\/p><p style=\"text-align: justify;\"><span style=\"font-size: 1em; line-height: 1.5em;\">Another part of the Statistical meetings is dedicated to presentation of firms that are distributing the statistical software in the Czech Republic. Nevertheless, the most pleasant part of the Statistical Days are considered to be the social evenings with music.\u00a0<\/span><\/p><p style=\"text-align: justify;\"><span style=\"font-size: 1em; line-height: 1.5em;\">2. 11. 1994\u00a0\u00a0\u00a0\u00a0\u00a0\u00a0\u00a0\u00a0\u00a0\u00a0\u00a0\u00a0\u00a0 Olomouc<\/span><\/p><p style=\"text-align: justify;\">7. 2. 1996 \u00a0 \u00a0 \u00a0 \u00a0 \u00a0 \u00a0 \u00a0\u00a0 Ostrava<\/p><p style=\"text-align: justify;\">28.\u00a0\u2013\u00a029.5.1997 \u00a0 \u00a0 \u00a0Liberec<\/p><p style=\"text-align: justify;\">16. \u2013 17.9.1998 \u00a0 \u00a0 \u00a0\u010cesk\u00e9 Bud\u011bjovice<\/p><p style=\"text-align: justify;\">20. \u2013 21.6.2000 \u00a0 \u00a0Ostrava<\/p><p style=\"text-align: justify;\">21. \u2013 22.6.2001 \u00a0 \u00a0 Hradec Kr\u00e1lov\u00e9<\/p><p style=\"text-align: justify;\">15. \u2013 16.9.2004 \u00a0 \u00a0 Hradec Kr\u00e1lov\u00e9<\/p><p style=\"text-align: justify;\">27. \u2013 28.6.2006 \u00a0 \u00a0 Brno<\/p><p style=\"text-align: justify;\">22. \u2013 23.9.2009\u00a0\u00a0\u00a0\u00a0 Hradec Kr\u00e1lov\u00e9<\/p><p style=\"text-align: justify;\">2. \u2013 3.9.2010\u00a0\u00a0\u00a0\u00a0\u00a0\u00a0\u00a0\u00a0\u00a0 Brno<\/p><p style=\"text-align: justify;\">3. \u2013 5.6.2012\u00a0\u00a0\u00a0\u00a0\u00a0\u00a0\u00a0\u00a0\u00a0 Nov\u00e9 Hrady<\/p><p style=\"text-align: justify;\">26. \u2013 29.9.2013\u00a0\u00a0\u00a0\u00a0 Brejlov<\/p><p style=\"text-align: justify;\">23. 6. 2014 \u00a0\u00a0 \u00a0\u00a0\u00a0\u00a0\u00a0\u00a0\u00a0\u00a0 \u00dast\u00ed nad Labem<\/p><p>23.-25.9.2022\u00a0\u00a0\u00a0\u00a0\u00a0\u00a0\u00a0 Tel\u010d<\/p><\/div>\n\t\t\t\t<\/div>\n\t\t\t\t<\/div>\n\t\t\t\t\t\t<\/div>\n\t\t\t\t\t<\/div>\n\t\t<\/div>\n\t\t\t\t\t\t\t\t<\/div>\n\t\t\t\t\t<\/div>\n\t\t<\/section>\n\t\t\t\t\t\t<\/div>\n\t\t\t\t\t\t<\/div>\n\t\t\t\t\t<\/div>\n\t\t","protected":false},"excerpt":{"rendered":"<p>Recent Statistical Days (in Telc, September 2022) Audience in the auditorium Intoduction of Jiri Novak (Czech Statistical Office) Matej Benko (VUT Brno) Katarina Krausova (SAS) Participants on the trip Brief History of the Statistical Days The Czech Statistical Society has been organising the Statistical Days since 1995. This conference is dedicated to both theoretical statisticians and experienced professionals, who use statistical methods. The conference is organised in different locations of the Czech Republic, so that statisticians from different regions can present their research results and discuss current statistical problems. The aim of these meetings is also to ameliorate the statistical education in the Czech Republic. Since the Statistical Days are usually organised by the department of mathematics or statistics of a university that is situated in the region, where the conference<\/p>\n<p><a class=\"more-link\" href=\"https:\/\/www.statspol.cz\/en\/conferences\/statistical-days\/\">Read More<\/a><\/p>\n","protected":false},"author":1,"featured_media":0,"parent":94,"menu_order":0,"comment_status":"closed","ping_status":"open","template":"","meta":{"footnotes":""},"class_list":["post-107","page","type-page","status-publish","hentry"],"_links":{"self":[{"href":"https:\/\/www.statspol.cz\/en\/wp-json\/wp\/v2\/pages\/107","targetHints":{"allow":["GET"]}}],"collection":[{"href":"https:\/\/www.statspol.cz\/en\/wp-json\/wp\/v2\/pages"}],"about":[{"href":"https:\/\/www.statspol.cz\/en\/wp-json\/wp\/v2\/types\/page"}],"author":[{"embeddable":true,"href":"https:\/\/www.statspol.cz\/en\/wp-json\/wp\/v2\/users\/1"}],"replies":[{"embeddable":true,"href":"https:\/\/www.statspol.cz\/en\/wp-json\/wp\/v2\/comments?post=107"}],"version-history":[{"count":13,"href":"https:\/\/www.statspol.cz\/en\/wp-json\/wp\/v2\/pages\/107\/revisions"}],"predecessor-version":[{"id":3588,"href":"https:\/\/www.statspol.cz\/en\/wp-json\/wp\/v2\/pages\/107\/revisions\/3588"}],"up":[{"embeddable":true,"href":"https:\/\/www.statspol.cz\/en\/wp-json\/wp\/v2\/pages\/94"}],"wp:attachment":[{"href":"https:\/\/www.statspol.cz\/en\/wp-json\/wp\/v2\/media?parent=107"}],"curies":[{"name":"wp","href":"https:\/\/api.w.org\/{rel}","templated":true}]}}