{"id":105,"date":"2013-07-14T22:16:53","date_gmt":"2013-07-14T20:16:53","guid":{"rendered":"http:\/\/www.statspol.cz\/en\/?page_id=100"},"modified":"2023-02-28T16:04:24","modified_gmt":"2023-02-28T15:04:24","slug":"robust","status":"publish","type":"page","link":"https:\/\/www.statspol.cz\/en\/conferences\/robust\/","title":{"rendered":"ROBUST"},"content":{"rendered":"\t\t<div data-elementor-type=\"wp-page\" data-elementor-id=\"105\" class=\"elementor elementor-105\" data-elementor-settings=\"[]\">\n\t\t\t\t\t\t<div class=\"elementor-inner\">\n\t\t\t\t\t\t\t<div class=\"elementor-section-wrap\">\n\t\t\t\t\t\t\t<section class=\"elementor-section elementor-top-section elementor-element elementor-element-3af267ad elementor-section-boxed elementor-section-height-default elementor-section-height-default\" data-id=\"3af267ad\" data-element_type=\"section\">\n\t\t\t\t\t\t<div class=\"elementor-container elementor-column-gap-default\">\n\t\t\t\t\t\t\t<div class=\"elementor-row\">\n\t\t\t\t\t<div class=\"elementor-column elementor-col-100 elementor-top-column elementor-element elementor-element-42e1dd97\" data-id=\"42e1dd97\" data-element_type=\"column\">\n\t\t\t<div class=\"elementor-column-wrap elementor-element-populated\">\n\t\t\t\t\t\t\t<div class=\"elementor-widget-wrap\">\n\t\t\t\t\t\t<div class=\"elementor-element elementor-element-714c299 elementor-widget elementor-widget-text-editor\" data-id=\"714c299\" data-element_type=\"widget\" data-widget_type=\"text-editor.default\">\n\t\t\t\t<div class=\"elementor-widget-container\">\n\t\t\t\t\t<div class=\"elementor-text-editor elementor-clearfix\"><p style=\"text-align: justify;\">ROBUST conference is the most significant meeting of statisticians organized by the Czech Statistical Society. The conference was organised in 1980 for the first time. Since then, it is organised every second year as a summer or winter school. Initially, it was organised by the Union of Czech and Slovak Mathematicians and Physicists, later by the <a href=\"https:\/\/jcmf.cz\/?q=en\">Union of Czech Mathematicians and Physicists<\/a> with assistance of the Czech Statistical Society.<\/p><p>Past years (or where the Robust conference was held):<\/p><\/div>\n\t\t\t\t<\/div>\n\t\t\t\t<\/div>\n\t\t\t\t\t\t<\/div>\n\t\t\t\t\t<\/div>\n\t\t<\/div>\n\t\t\t\t\t\t\t\t<\/div>\n\t\t\t\t\t<\/div>\n\t\t<\/section>\n\t\t\t\t<section class=\"elementor-section elementor-top-section elementor-element elementor-element-7d327a0 elementor-section-boxed elementor-section-height-default elementor-section-height-default\" data-id=\"7d327a0\" data-element_type=\"section\">\n\t\t\t\t\t\t<div class=\"elementor-container elementor-column-gap-default\">\n\t\t\t\t\t\t\t<div class=\"elementor-row\">\n\t\t\t\t\t<div class=\"elementor-column elementor-col-50 elementor-top-column elementor-element elementor-element-5b13f9b\" data-id=\"5b13f9b\" data-element_type=\"column\">\n\t\t\t<div class=\"elementor-column-wrap elementor-element-populated\">\n\t\t\t\t\t\t\t<div class=\"elementor-widget-wrap\">\n\t\t\t\t\t\t<div class=\"elementor-element elementor-element-b128255 elementor-widget elementor-widget-text-editor\" data-id=\"b128255\" data-element_type=\"widget\" data-widget_type=\"text-editor.default\">\n\t\t\t\t<div class=\"elementor-widget-container\">\n\t\t\t\t\t<div class=\"elementor-text-editor elementor-clearfix\"><ul><li><span style=\"font-size: 1em; line-height: 1.5em;\">1980 &#8211; Na\u010det\u00edn<\/span><\/li><li><span style=\"font-size: 1em; line-height: 1.5em;\">1982 &#8211; Kost<\/span><\/li><li><span style=\"font-size: 1em; line-height: 1.5em;\">1984 &#8211; Slavonice<\/span><\/li><li><span style=\"font-size: 1em; line-height: 1.5em;\">1986 &#8211; Adr\u0161pach<\/span><\/li><li><span style=\"font-size: 1em; line-height: 1.5em;\">1988 &#8211; Plasy<\/span><\/li><li><span style=\"font-size: 1em; line-height: 1.5em;\">1990 &#8211; Liblice<\/span><\/li><li><span style=\"font-size: 1em; line-height: 1.5em;\">1992 &#8211; Herbertov<\/span><\/li><li><span style=\"font-size: 1em; line-height: 1.5em;\">1994 &#8211; Neratovice<\/span><\/li><li><span style=\"font-size: 1em; line-height: 1.5em;\">1996 &#8211; Lednice<\/span><\/li><li><span style=\"font-size: 1em; line-height: 1.5em;\">1998 &#8211; Rade\u0161\u00edn<\/span><\/li><\/ul><\/div>\n\t\t\t\t<\/div>\n\t\t\t\t<\/div>\n\t\t\t\t\t\t<\/div>\n\t\t\t\t\t<\/div>\n\t\t<\/div>\n\t\t\t\t<div class=\"elementor-column elementor-col-50 elementor-top-column elementor-element elementor-element-d2c1343\" data-id=\"d2c1343\" data-element_type=\"column\">\n\t\t\t<div class=\"elementor-column-wrap elementor-element-populated\">\n\t\t\t\t\t\t\t<div class=\"elementor-widget-wrap\">\n\t\t\t\t\t\t<div class=\"elementor-element elementor-element-bdb79f2 elementor-widget elementor-widget-text-editor\" data-id=\"bdb79f2\" data-element_type=\"widget\" data-widget_type=\"text-editor.default\">\n\t\t\t\t<div class=\"elementor-widget-container\">\n\t\t\t\t\t<div class=\"elementor-text-editor elementor-clearfix\"><ul><li><span style=\"font-size: 1em; line-height: 1.5em;\">2000 &#8211; Ne\u010dtaty<\/span><\/li><li><span style=\"font-size: 1em; line-height: 1.5em;\">2002 &#8211; Hejnice<\/span><\/li><li><span style=\"font-size: 1em; line-height: 1.5em;\">2004 &#8211; T\u0159e\u0161\u0165<\/span><\/li><li><span style=\"font-size: 1em; line-height: 1.5em;\">2006 &#8211; Lhota pod Rohanovem<\/span><\/li><li><span style=\"font-size: 1em; line-height: 1.5em;\">2008 &#8211; Pribylina<\/span><\/li><li><span style=\"font-size: 1em; line-height: 1.5em;\">2010 &#8211; Kr\u00e1l\u00edky (Horn\u00ed Hede\u010d)<\/span><\/li><li><span style=\"font-size: 1em; line-height: 1.5em;\">2012 &#8211; N\u011bm\u010di\u010dky<\/span><\/li><li><span style=\"font-size: 1em; line-height: 1.5em;\">2014 &#8211; Jet\u0159ichovice<\/span><\/li><li><span style=\"font-size: 1em; line-height: 1.5em;\">2016 &#8211; Kurzovn\u00ed<\/span><\/li><li><span style=\"font-size: 1em; line-height: 1.5em;\">2018 &#8211; Rybn\u00edk<\/span><\/li><li>2022 &#8211; Volyn\u011b<\/li><\/ul><\/div>\n\t\t\t\t<\/div>\n\t\t\t\t<\/div>\n\t\t\t\t\t\t<\/div>\n\t\t\t\t\t<\/div>\n\t\t<\/div>\n\t\t\t\t\t\t\t\t<\/div>\n\t\t\t\t\t<\/div>\n\t\t<\/section>\n\t\t\t\t<section class=\"elementor-section elementor-top-section elementor-element elementor-element-a54aa25 elementor-section-boxed elementor-section-height-default elementor-section-height-default\" data-id=\"a54aa25\" data-element_type=\"section\">\n\t\t\t\t\t\t<div class=\"elementor-container elementor-column-gap-default\">\n\t\t\t\t\t\t\t<div class=\"elementor-row\">\n\t\t\t\t\t<div class=\"elementor-column elementor-col-100 elementor-top-column elementor-element elementor-element-b8f55fc\" data-id=\"b8f55fc\" data-element_type=\"column\">\n\t\t\t<div class=\"elementor-column-wrap elementor-element-populated\">\n\t\t\t\t\t\t\t<div class=\"elementor-widget-wrap\">\n\t\t\t\t\t\t<div class=\"elementor-element elementor-element-58b8bd9 elementor-widget elementor-widget-html\" data-id=\"58b8bd9\" data-element_type=\"widget\" data-widget_type=\"html.default\">\n\t\t\t\t<div class=\"elementor-widget-container\">\n\t\t\t<iframe loading=\"lazy\" width=\"900\" height=\"500\" frameborder=\"0\" scrolling=\"no\" src=\"\/\/plot.ly\/~vencalek\/5.embed\"><\/iframe>\t\t<\/div>\n\t\t\t\t<\/div>\n\t\t\t\t\t\t<\/div>\n\t\t\t\t\t<\/div>\n\t\t<\/div>\n\t\t\t\t\t\t\t\t<\/div>\n\t\t\t\t\t<\/div>\n\t\t<\/section>\n\t\t\t\t\t\t<\/div>\n\t\t\t\t\t\t<\/div>\n\t\t\t\t\t<\/div>\n\t\t","protected":false},"excerpt":{"rendered":"<p>ROBUST conference is the most significant meeting of statisticians organized by the Czech Statistical Society. The conference was organised in 1980 for the first time. Since then, it is organised every second year as a summer or winter school. Initially, it was organised by the Union of Czech and Slovak Mathematicians and Physicists, later by the Union of Czech Mathematicians and Physicists with assistance of the Czech Statistical Society. Past years (or where the Robust conference was held): 1980 &#8211; Na\u010det\u00edn 1982 &#8211; Kost 1984 &#8211; Slavonice 1986 &#8211; Adr\u0161pach 1988 &#8211; Plasy 1990 &#8211; Liblice 1992 &#8211; Herbertov 1994 &#8211; Neratovice 1996 &#8211; Lednice 1998 &#8211; Rade\u0161\u00edn 2000 &#8211; Ne\u010dtaty 2002 &#8211; Hejnice 2004 &#8211; T\u0159e\u0161\u0165 2006 &#8211; Lhota pod Rohanovem 2008 &#8211; Pribylina 2010 &#8211; Kr\u00e1l\u00edky (Horn\u00ed Hede\u010d) 2012<\/p>\n<p><a class=\"more-link\" href=\"https:\/\/www.statspol.cz\/en\/conferences\/robust\/\">Read More<\/a><\/p>\n","protected":false},"author":1,"featured_media":0,"parent":94,"menu_order":0,"comment_status":"closed","ping_status":"open","template":"page-templates\/template-full-width.php","meta":{"footnotes":""},"class_list":["post-105","page","type-page","status-publish","hentry"],"_links":{"self":[{"href":"https:\/\/www.statspol.cz\/en\/wp-json\/wp\/v2\/pages\/105","targetHints":{"allow":["GET"]}}],"collection":[{"href":"https:\/\/www.statspol.cz\/en\/wp-json\/wp\/v2\/pages"}],"about":[{"href":"https:\/\/www.statspol.cz\/en\/wp-json\/wp\/v2\/types\/page"}],"author":[{"embeddable":true,"href":"https:\/\/www.statspol.cz\/en\/wp-json\/wp\/v2\/users\/1"}],"replies":[{"embeddable":true,"href":"https:\/\/www.statspol.cz\/en\/wp-json\/wp\/v2\/comments?post=105"}],"version-history":[{"count":10,"href":"https:\/\/www.statspol.cz\/en\/wp-json\/wp\/v2\/pages\/105\/revisions"}],"predecessor-version":[{"id":3559,"href":"https:\/\/www.statspol.cz\/en\/wp-json\/wp\/v2\/pages\/105\/revisions\/3559"}],"up":[{"embeddable":true,"href":"https:\/\/www.statspol.cz\/en\/wp-json\/wp\/v2\/pages\/94"}],"wp:attachment":[{"href":"https:\/\/www.statspol.cz\/en\/wp-json\/wp\/v2\/media?parent=105"}],"curies":[{"name":"wp","href":"https:\/\/api.w.org\/{rel}","templated":true}]}}